{"id":310,"date":"2025-06-15T11:40:24","date_gmt":"2025-06-15T11:40:24","guid":{"rendered":"https:\/\/grouppobccspa.com\/?page_id=310"},"modified":"2025-07-01T13:47:18","modified_gmt":"2025-07-01T11:47:18","slug":"servizi","status":"publish","type":"page","link":"https:\/\/fianazionade.com\/?page_id=310","title":{"rendered":"Dienstleistungen"},"content":{"rendered":"\t\t<div data-elementor-type=\"wp-page\" data-elementor-id=\"310\" class=\"elementor elementor-310\" data-elementor-post-type=\"page\">\n\t\t\t\t<div class=\"elementor-element elementor-element-122e55f e-con-full e-flex e-con e-parent\" data-id=\"122e55f\" data-element_type=\"container\" data-settings=\"{&quot;background_background&quot;:&quot;classic&quot;}\">\n\t\t<div class=\"elementor-element elementor-element-d4f38d4 e-con-full e-flex e-con e-child\" data-id=\"d4f38d4\" data-element_type=\"container\">\n\t\t\t\t<div class=\"elementor-element elementor-element-63d7f54 elementor-widget elementor-widget-heading\" data-id=\"63d7f54\" data-element_type=\"widget\" data-widget_type=\"heading.default\">\n\t\t\t\t<div class=\"elementor-widget-container\">\n\t\t\t\t\t<h1 class=\"elementor-heading-title elementor-size-default\">SERVIZIO<\/h1>\t\t\t\t<\/div>\n\t\t\t\t<\/div>\n\t\t\t\t<\/div>\n\t\t\t\t<\/div>\n\t\t<div class=\"elementor-element elementor-element-5042c3a e-con-full e-flex e-con e-parent\" data-id=\"5042c3a\" data-element_type=\"container\" data-settings=\"{&quot;background_background&quot;:&quot;classic&quot;}\">\n\t\t<div class=\"elementor-element elementor-element-eeba45c e-con-full e-flex e-con e-child\" data-id=\"eeba45c\" data-element_type=\"container\">\n\t\t<div class=\"elementor-element elementor-element-76f51b9 e-con-full e-flex e-con e-child\" data-id=\"76f51b9\" data-element_type=\"container\">\n\t\t<div class=\"elementor-element elementor-element-152a051 e-con-full e-flex e-con e-child\" data-id=\"152a051\" data-element_type=\"container\">\n\t\t\t\t<div class=\"elementor-element elementor-element-627be20 elementor-widget elementor-widget-heading\" data-id=\"627be20\" data-element_type=\"widget\" data-widget_type=\"heading.default\">\n\t\t\t\t<div class=\"elementor-widget-container\">\n\t\t\t\t\t<h3 class=\"elementor-heading-title elementor-size-default\">Unsere Dienstleistungen<\/h3>\t\t\t\t<\/div>\n\t\t\t\t<\/div>\n\t\t\t\t<div class=\"elementor-element elementor-element-37f5908 elementor-widget elementor-widget-heading\" data-id=\"37f5908\" data-element_type=\"widget\" data-widget_type=\"heading.default\">\n\t\t\t\t<div class=\"elementor-widget-container\">\n\t\t\t\t\t<h2 class=\"elementor-heading-title elementor-size-default\">Qualit\u00e4t der Dienstleistungen<\/h2>\t\t\t\t<\/div>\n\t\t\t\t<\/div>\n\t\t\t\t<\/div>\n\t\t\t\t<\/div>\n\t\t<div class=\"elementor-element elementor-element-c605f92 e-con-full e-flex e-con e-child\" data-id=\"c605f92\" data-element_type=\"container\">\n\t\t<div class=\"elementor-element elementor-element-8d1658f e-con-full e-flex e-con e-child\" data-id=\"8d1658f\" data-element_type=\"container\">\n\t\t\t\t<div class=\"elementor-element elementor-element-09c03a8 elementor-position-top elementor-widget elementor-widget-image-box\" data-id=\"09c03a8\" data-element_type=\"widget\" data-widget_type=\"image-box.default\">\n\t\t\t\t<div class=\"elementor-widget-container\">\n\t\t\t\t\t<div class=\"elementor-image-box-wrapper\"><figure class=\"elementor-image-box-img\"><img decoding=\"async\" src=\"https:\/\/grouppobccspa.com\/wp-content\/uploads\/2025\/06\/pexels-ketut-subiyanto-4308045-scaled-1.jpg\" title=\"\" alt=\"\" loading=\"lazy\" \/><\/figure><div class=\"elementor-image-box-content\"><h3 class=\"elementor-image-box-title\">ASSEGNAZIONE DELLO STIPENDIO<\/h3><p class=\"elementor-image-box-description\">\nIl prestito ceduto (CQS) \u00e8 una forma speciale di prestito personale per i dipendenti. \u00c8 utile per esigenze di liquidit\u00e0 come l'acquisto di un'auto o la formazione. La rata massima non pu\u00f2 superare il 20% dello stipendio del richiedente e la durata del prestito pu\u00f2 essere compresa tra 24 e 120 mesi. La rata, fissata per l'intera durata, include anche i costi assicurativi per i rischi sulla vita e sul lavoro e viene trattenuta direttamente dallo stipendio dal datore di lavoro. Chi richiede una cessione del quinto dello stipendio beneficia di tutte le tutele e i diritti offerti da un prestito al consumo.<\/p><\/div><\/div>\t\t\t\t<\/div>\n\t\t\t\t<\/div>\n\t\t\t\t<div class=\"elementor-element elementor-element-952acb3 elementor-align-center elementor-widget elementor-widget-button\" data-id=\"952acb3\" data-element_type=\"widget\" data-widget_type=\"button.default\">\n\t\t\t\t<div class=\"elementor-widget-container\">\n\t\t\t\t\t\t\t\t\t<div class=\"elementor-button-wrapper\">\n\t\t\t\t\t<a class=\"elementor-button elementor-button-link elementor-size-sm\" href=\"https:\/\/fianazionade.com\/?page_id=1360\">\n\t\t\t\t\t\t<span class=\"elementor-button-content-wrapper\">\n\t\t\t\t\t\t\t\t\t<span class=\"elementor-button-text\">Richiesta un prestito<\/span>\n\t\t\t\t\t<\/span>\n\t\t\t\t\t<\/a>\n\t\t\t\t<\/div>\n\t\t\t\t\t\t\t\t<\/div>\n\t\t\t\t<\/div>\n\t\t\t\t<\/div>\n\t\t<div class=\"elementor-element elementor-element-f269c91 e-con-full e-flex e-con e-child\" data-id=\"f269c91\" data-element_type=\"container\">\n\t\t\t\t<div class=\"elementor-element elementor-element-fd51ce8 elementor-position-top elementor-widget elementor-widget-image-box\" data-id=\"fd51ce8\" data-element_type=\"widget\" data-widget_type=\"image-box.default\">\n\t\t\t\t<div class=\"elementor-widget-container\">\n\t\t\t\t\t<div class=\"elementor-image-box-wrapper\"><figure class=\"elementor-image-box-img\"><img decoding=\"async\" src=\"https:\/\/grouppobccspa.com\/wp-content\/uploads\/2025\/06\/pexels-essow-k-251295-936722-scaled-1.jpg\" title=\"\" alt=\"\" loading=\"lazy\" \/><\/figure><div class=\"elementor-image-box-content\"><h3 class=\"elementor-image-box-title\">TRASFERIMENTO DI UN QUINTO DELLA PENSIONE<\/h3><p class=\"elementor-image-box-description\">\nLa cessione del quinto della pensione \u00e8 un tipo di prestito personale per pensionati. Simile alla cessione del quinto, la rata non pu\u00f2 superare il 20% della pensione netta mensile. La durata del prestito pu\u00f2 essere compresa tra 24 e 120 mesi e la rata \u00e8 fissa per l'intera durata del prestito. Questo tipo di prestito include il costo dell'assicurazione contro i rischi sulla vita e viene detratto direttamente dalla pensione dall'ente previdenziale. I pensionati che richiedono la cessione del quinto godono di tutte le tutele e i diritti previsti dalla Legge sul Credito al Consumo.<\/p><\/div><\/div>\t\t\t\t<\/div>\n\t\t\t\t<\/div>\n\t\t\t\t<div class=\"elementor-element elementor-element-0e31476 elementor-align-center elementor-widget elementor-widget-button\" data-id=\"0e31476\" data-element_type=\"widget\" data-widget_type=\"button.default\">\n\t\t\t\t<div class=\"elementor-widget-container\">\n\t\t\t\t\t\t\t\t\t<div class=\"elementor-button-wrapper\">\n\t\t\t\t\t<a class=\"elementor-button elementor-button-link elementor-size-sm\" href=\"https:\/\/fianazionade.com\/?page_id=1360\">\n\t\t\t\t\t\t<span class=\"elementor-button-content-wrapper\">\n\t\t\t\t\t\t\t\t\t<span class=\"elementor-button-text\">Richiesta un prestito<\/span>\n\t\t\t\t\t<\/span>\n\t\t\t\t\t<\/a>\n\t\t\t\t<\/div>\n\t\t\t\t\t\t\t\t<\/div>\n\t\t\t\t<\/div>\n\t\t\t\t<\/div>\n\t\t<div class=\"elementor-element elementor-element-46e717b e-con-full e-flex e-con e-child\" data-id=\"46e717b\" data-element_type=\"container\">\n\t\t\t\t<div class=\"elementor-element elementor-element-6b51ea1 elementor-position-top elementor-widget elementor-widget-image-box\" data-id=\"6b51ea1\" data-element_type=\"widget\" data-widget_type=\"image-box.default\">\n\t\t\t\t<div class=\"elementor-widget-container\">\n\t\t\t\t\t<div class=\"elementor-image-box-wrapper\"><figure class=\"elementor-image-box-img\"><img decoding=\"async\" src=\"https:\/\/grouppobccspa.com\/wp-content\/uploads\/2025\/06\/pexels-anna-nekrashevich-6801874-scaled-1.jpg\" title=\"\" alt=\"\" loading=\"lazy\" \/><\/figure><div class=\"elementor-image-box-content\"><h3 class=\"elementor-image-box-title\">Die Delegation der ZaDELEGA DI PAGAMENTO<\/h3><p class=\"elementor-image-box-description\">La delega di pagamento \u00e8 un prestito personale per dipendenti pubblici e privati che viene rimborsato tramite trattenute mensili dallo stipendio da parte del datore di lavoro e versato direttamente alla societ\u00e0 finanziatrice. Simile alla cessione del quinto, \u00e8 possibile detrarre fino al 40% dello stipendio, anche se il dipendente ha gi\u00e0 un altro prestito in essere. La richiesta di trattenuta \u00e8 presentata dal dipendente, ma l'approvazione del datore di lavoro non \u00e8 obbligatoria; \u00e8 a sua discrezione.hlung ist ein pers\u00f6nliches Darlehen f\u00fcr \u00f6ffentliche und private Angestellte, das mit monatlichen Gehaltsabz\u00fcgen durch den Arbeitgeber zur\u00fcckgezahlt und direkt an die Finanzierungsgesellschaft gezahlt wird. \u00c4hnlich wie bei der cessione del quinto k\u00f6nnen bis zu 40 % des Gehalts abgezogen werden, auch wenn der Arbeitnehmer bereits ein anderes Darlehen ausstehen hat. Der Antrag auf Abzug wird vom Arbeitnehmer gestellt, die Zustimmung des Arbeitgebers ist jedoch nicht obligatorisch, sondern liegt in seinem Ermessen.<br><\/p><\/div><\/div>\t\t\t\t<\/div>\n\t\t\t\t<\/div>\n\t\t\t\t<div class=\"elementor-element elementor-element-4b643e8 elementor-align-center elementor-widget elementor-widget-button\" data-id=\"4b643e8\" data-element_type=\"widget\" data-widget_type=\"button.default\">\n\t\t\t\t<div class=\"elementor-widget-container\">\n\t\t\t\t\t\t\t\t\t<div class=\"elementor-button-wrapper\">\n\t\t\t\t\t<a class=\"elementor-button elementor-button-link elementor-size-sm\" href=\"https:\/\/fianazionade.com\/?page_id=1360\">\n\t\t\t\t\t\t<span class=\"elementor-button-content-wrapper\">\n\t\t\t\t\t\t\t\t\t<span class=\"elementor-button-text\">Richiesta un prestito<\/span>\n\t\t\t\t\t<\/span>\n\t\t\t\t\t<\/a>\n\t\t\t\t<\/div>\n\t\t\t\t\t\t\t\t<\/div>\n\t\t\t\t<\/div>\n\t\t\t\t<\/div>\n\t\t\t\t<\/div>\n\t\t<div class=\"elementor-element elementor-element-6d29d9d e-con-full e-flex e-con e-child\" data-id=\"6d29d9d\" data-element_type=\"container\">\n\t\t<div class=\"elementor-element elementor-element-282d442 e-con-full e-flex e-con e-child\" data-id=\"282d442\" data-element_type=\"container\">\n\t\t\t\t<div class=\"elementor-element elementor-element-19e604b elementor-position-top elementor-widget elementor-widget-image-box\" data-id=\"19e604b\" data-element_type=\"widget\" data-widget_type=\"image-box.default\">\n\t\t\t\t<div class=\"elementor-widget-container\">\n\t\t\t\t\t<div class=\"elementor-image-box-wrapper\"><figure class=\"elementor-image-box-img\"><img decoding=\"async\" src=\"https:\/\/grouppobccspa.com\/wp-content\/uploads\/2025\/06\/analyste-cooperation_1418-47-1.jpg\" title=\"\" alt=\"\" loading=\"lazy\" \/><\/figure><div class=\"elementor-image-box-content\"><h3 class=\"elementor-image-box-title\">Prestito personale<\/h3><p class=\"elementor-image-box-description\">\nUn prestito per coprire spese personali come emergenze, studi o progetti personali.<\/p><\/div><\/div>\t\t\t\t<\/div>\n\t\t\t\t<\/div>\n\t\t\t\t<div class=\"elementor-element elementor-element-79c8f7d elementor-align-center elementor-widget elementor-widget-button\" data-id=\"79c8f7d\" data-element_type=\"widget\" data-widget_type=\"button.default\">\n\t\t\t\t<div class=\"elementor-widget-container\">\n\t\t\t\t\t\t\t\t\t<div class=\"elementor-button-wrapper\">\n\t\t\t\t\t<a class=\"elementor-button elementor-button-link elementor-size-sm\" href=\"https:\/\/fianazionade.com\/?page_id=1360\">\n\t\t\t\t\t\t<span class=\"elementor-button-content-wrapper\">\n\t\t\t\t\t\t\t\t\t<span class=\"elementor-button-text\">Richiesta un prestito<\/span>\n\t\t\t\t\t<\/span>\n\t\t\t\t\t<\/a>\n\t\t\t\t<\/div>\n\t\t\t\t\t\t\t\t<\/div>\n\t\t\t\t<\/div>\n\t\t\t\t<\/div>\n\t\t<div class=\"elementor-element elementor-element-343963c e-con-full e-flex e-con e-child\" data-id=\"343963c\" data-element_type=\"container\">\n\t\t\t\t<div class=\"elementor-element elementor-element-08813da elementor-position-top elementor-widget elementor-widget-image-box\" data-id=\"08813da\" data-element_type=\"widget\" data-widget_type=\"image-box.default\">\n\t\t\t\t<div class=\"elementor-widget-container\">\n\t\t\t\t\t<div class=\"elementor-image-box-wrapper\"><figure class=\"elementor-image-box-img\"><img decoding=\"async\" src=\"https:\/\/grouppobccspa.com\/wp-content\/uploads\/2025\/06\/comment-vendre-voiture-sous-credit-1.jpg.61c7cbc764352f1bb6c5bb4bd2d12462-1.jpg\" title=\"\" alt=\"\" loading=\"lazy\" \/><\/figure><div class=\"elementor-image-box-content\"><h3 class=\"elementor-image-box-title\">Prestito auto<\/h3><p class=\"elementor-image-box-description\">Finanziamento specifico per l'acquisto di un'auto nuova o usata con condizioni personalizzate per il cliente. Simile alla cessione del quinto dello stipendio, la rata non pu\u00f2 superare il 20% della pensione mensile netta.<br><\/p><\/div><\/div>\t\t\t\t<\/div>\n\t\t\t\t<\/div>\n\t\t\t\t<div class=\"elementor-element elementor-element-2ba946e elementor-align-center elementor-widget elementor-widget-button\" data-id=\"2ba946e\" data-element_type=\"widget\" data-widget_type=\"button.default\">\n\t\t\t\t<div class=\"elementor-widget-container\">\n\t\t\t\t\t\t\t\t\t<div class=\"elementor-button-wrapper\">\n\t\t\t\t\t<a class=\"elementor-button elementor-button-link elementor-size-sm\" href=\"https:\/\/fianazionade.com\/?page_id=1360\">\n\t\t\t\t\t\t<span class=\"elementor-button-content-wrapper\">\n\t\t\t\t\t\t\t\t\t<span class=\"elementor-button-text\">Richiesta un prestito<\/span>\n\t\t\t\t\t<\/span>\n\t\t\t\t\t<\/a>\n\t\t\t\t<\/div>\n\t\t\t\t\t\t\t\t<\/div>\n\t\t\t\t<\/div>\n\t\t\t\t<\/div>\n\t\t<div class=\"elementor-element elementor-element-0f33f9c e-con-full e-flex e-con e-child\" data-id=\"0f33f9c\" data-element_type=\"container\">\n\t\t\t\t<div class=\"elementor-element elementor-element-61d90dc elementor-position-top elementor-widget elementor-widget-image-box\" data-id=\"61d90dc\" data-element_type=\"widget\" data-widget_type=\"image-box.default\">\n\t\t\t\t<div class=\"elementor-widget-container\">\n\t\t\t\t\t<div class=\"elementor-image-box-wrapper\"><figure class=\"elementor-image-box-img\"><img decoding=\"async\" src=\"https:\/\/grouppobccspa.com\/wp-content\/uploads\/2025\/06\/pret-consolidation-dettes-1.jpg\" title=\"\" alt=\"\" loading=\"lazy\" \/><\/figure><div class=\"elementor-image-box-content\"><h3 class=\"elementor-image-box-title\">Prestiti di consolidamento debiti<\/h3><p class=\"elementor-image-box-description\">\n\nUna somma di denaro che pu\u00f2 essere utilizzata secondo necessit\u00e0, pagando interessi solo sulla cifra utilizzata.<\/p><\/div><\/div>\t\t\t\t<\/div>\n\t\t\t\t<\/div>\n\t\t\t\t<div class=\"elementor-element elementor-element-e0db620 elementor-align-center elementor-widget elementor-widget-button\" data-id=\"e0db620\" data-element_type=\"widget\" data-widget_type=\"button.default\">\n\t\t\t\t<div class=\"elementor-widget-container\">\n\t\t\t\t\t\t\t\t\t<div class=\"elementor-button-wrapper\">\n\t\t\t\t\t<a class=\"elementor-button elementor-button-link elementor-size-sm\" href=\"https:\/\/fianazionade.com\/?page_id=1360\">\n\t\t\t\t\t\t<span class=\"elementor-button-content-wrapper\">\n\t\t\t\t\t\t\t\t\t<span class=\"elementor-button-text\">Richiesta un prestito<\/span>\n\t\t\t\t\t<\/span>\n\t\t\t\t\t<\/a>\n\t\t\t\t<\/div>\n\t\t\t\t\t\t\t\t<\/div>\n\t\t\t\t<\/div>\n\t\t\t\t<\/div>\n\t\t\t\t<\/div>\n\t\t\t\t<\/div>\n\t\t\t\t<\/div>\n\t\t\t\t<\/div>\n\t\t","protected":false},"excerpt":{"rendered":"<p>SERVIZIO Unsere Dienstleistungen Qualit\u00e4t der Dienstleistungen ASSEGNAZIONE DELLO STIPENDIO Il prestito ceduto (CQS) \u00e8 una forma speciale di prestito personale per i dipendenti. \u00c8 utile per esigenze di liquidit\u00e0 come l&rsquo;acquisto di un&rsquo;auto o la formazione. La rata massima non pu\u00f2 superare il 20% dello stipendio del richiedente e la durata del prestito pu\u00f2 essere [&hellip;]<\/p>\n","protected":false},"author":1,"featured_media":0,"parent":0,"menu_order":0,"comment_status":"closed","ping_status":"closed","template":"elementor_header_footer","meta":{"ocean_post_layout":"","ocean_both_sidebars_style":"","ocean_both_sidebars_content_width":0,"ocean_both_sidebars_sidebars_width":0,"ocean_sidebar":"","ocean_second_sidebar":"","ocean_disable_margins":"enable","ocean_add_body_class":"","ocean_shortcode_before_top_bar":"","ocean_shortcode_after_top_bar":"","ocean_shortcode_before_header":"","ocean_shortcode_after_header":"","ocean_has_shortcode":"","ocean_shortcode_after_title":"","ocean_shortcode_before_footer_widgets":"","ocean_shortcode_after_footer_widgets":"","ocean_shortcode_before_footer_bottom":"","ocean_shortcode_after_footer_bottom":"","ocean_display_top_bar":"default","ocean_display_header":"default","ocean_header_style":"","ocean_center_header_left_menu":"","ocean_custom_header_template":"","ocean_custom_logo":0,"ocean_custom_retina_logo":0,"ocean_custom_logo_max_width":0,"ocean_custom_logo_tablet_max_width":0,"ocean_custom_logo_mobile_max_width":0,"ocean_custom_logo_max_height":0,"ocean_custom_logo_tablet_max_height":0,"ocean_custom_logo_mobile_max_height":0,"ocean_header_custom_menu":"","ocean_menu_typo_font_family":"","ocean_menu_typo_font_subset":"","ocean_menu_typo_font_size":0,"ocean_menu_typo_font_size_tablet":0,"ocean_menu_typo_font_size_mobile":0,"ocean_menu_typo_font_size_unit":"px","ocean_menu_typo_font_weight":"","ocean_menu_typo_font_weight_tablet":"","ocean_menu_typo_font_weight_mobile":"","ocean_menu_typo_transform":"","ocean_menu_typo_transform_tablet":"","ocean_menu_typo_transform_mobile":"","ocean_menu_typo_line_height":0,"ocean_menu_typo_line_height_tablet":0,"ocean_menu_typo_line_height_mobile":0,"ocean_menu_typo_line_height_unit":"","ocean_menu_typo_spacing":0,"ocean_menu_typo_spacing_tablet":0,"ocean_menu_typo_spacing_mobile":0,"ocean_menu_typo_spacing_unit":"","ocean_menu_link_color":"","ocean_menu_link_color_hover":"","ocean_menu_link_color_active":"","ocean_menu_link_background":"","ocean_menu_link_hover_background":"","ocean_menu_link_active_background":"","ocean_menu_social_links_bg":"","ocean_menu_social_hover_links_bg":"","ocean_menu_social_links_color":"","ocean_menu_social_hover_links_color":"","ocean_disable_title":"default","ocean_disable_heading":"default","ocean_post_title":"","ocean_post_subheading":"","ocean_post_title_style":"","ocean_post_title_background_color":"","ocean_post_title_background":0,"ocean_post_title_bg_image_position":"","ocean_post_title_bg_image_attachment":"","ocean_post_title_bg_image_repeat":"","ocean_post_title_bg_image_size":"","ocean_post_title_height":0,"ocean_post_title_bg_overlay":0.5,"ocean_post_title_bg_overlay_color":"","ocean_disable_breadcrumbs":"default","ocean_breadcrumbs_color":"","ocean_breadcrumbs_separator_color":"","ocean_breadcrumbs_links_color":"","ocean_breadcrumbs_links_hover_color":"","ocean_display_footer_widgets":"default","ocean_display_footer_bottom":"default","ocean_custom_footer_template":"","footnotes":""},"class_list":["post-310","page","type-page","status-publish","hentry","entry"],"_links":{"self":[{"href":"https:\/\/fianazionade.com\/index.php?rest_route=\/wp\/v2\/pages\/310","targetHints":{"allow":["GET"]}}],"collection":[{"href":"https:\/\/fianazionade.com\/index.php?rest_route=\/wp\/v2\/pages"}],"about":[{"href":"https:\/\/fianazionade.com\/index.php?rest_route=\/wp\/v2\/types\/page"}],"author":[{"embeddable":true,"href":"https:\/\/fianazionade.com\/index.php?rest_route=\/wp\/v2\/users\/1"}],"replies":[{"embeddable":true,"href":"https:\/\/fianazionade.com\/index.php?rest_route=%2Fwp%2Fv2%2Fcomments&post=310"}],"version-history":[{"count":70,"href":"https:\/\/fianazionade.com\/index.php?rest_route=\/wp\/v2\/pages\/310\/revisions"}],"predecessor-version":[{"id":2802,"href":"https:\/\/fianazionade.com\/index.php?rest_route=\/wp\/v2\/pages\/310\/revisions\/2802"}],"wp:attachment":[{"href":"https:\/\/fianazionade.com\/index.php?rest_route=%2Fwp%2Fv2%2Fmedia&parent=310"}],"curies":[{"name":"wp","href":"https:\/\/api.w.org\/{rel}","templated":true}]}}