{"id":1875,"date":"2025-06-24T12:26:07","date_gmt":"2025-06-24T10:26:07","guid":{"rendered":"https:\/\/fianazionade.com\/?page_id=1875"},"modified":"2025-07-01T13:20:04","modified_gmt":"2025-07-01T11:20:04","slug":"uber-uns","status":"publish","type":"page","link":"https:\/\/fianazionade.com\/?page_id=1875","title":{"rendered":"CHI SIAMO"},"content":{"rendered":"\t\t<div data-elementor-type=\"wp-page\" data-elementor-id=\"1875\" class=\"elementor elementor-1875\" data-elementor-post-type=\"page\">\n\t\t\t\t\t\t<section class=\"elementor-section elementor-top-section elementor-element elementor-element-3alqrd6 elementor-section-boxed elementor-section-height-default elementor-section-height-default\" data-id=\"3alqrd6\" data-element_type=\"section\" data-settings=\"{&quot;background_background&quot;:&quot;classic&quot;}\">\n\t\t\t\t\t\t\t<div class=\"elementor-background-overlay\"><\/div>\n\t\t\t\t\t\t\t<div class=\"elementor-container elementor-column-gap-default\">\n\t\t\t\t\t<div class=\"elementor-column elementor-col-100 elementor-top-column elementor-element elementor-element-296d9b2\" data-id=\"296d9b2\" data-element_type=\"column\">\n\t\t\t<div class=\"elementor-widget-wrap elementor-element-populated\">\n\t\t\t\t\t\t<div class=\"elementor-element elementor-element-2d4e531 elementor-widget elementor-widget-heading\" data-id=\"2d4e531\" data-element_type=\"widget\" data-widget_type=\"heading.default\">\n\t\t\t\t<div class=\"elementor-widget-container\">\n\t\t\t\t\t<h1 class=\"elementor-heading-title elementor-size-default\">CHI SOAMO<\/h1>\t\t\t\t<\/div>\n\t\t\t\t<\/div>\n\t\t\t\t\t<\/div>\n\t\t<\/div>\n\t\t\t\t\t<\/div>\n\t\t<\/section>\n\t\t<div class=\"elementor-element elementor-element-a9136eb e-flex e-con-boxed e-con e-parent\" data-id=\"a9136eb\" data-element_type=\"container\">\n\t\t\t\t\t<div class=\"e-con-inner\">\n\t\t\t\t<div class=\"elementor-element elementor-element-6931270 elementor-widget elementor-widget-spacer\" data-id=\"6931270\" data-element_type=\"widget\" data-widget_type=\"spacer.default\">\n\t\t\t\t<div class=\"elementor-widget-container\">\n\t\t\t\t\t\t\t<div class=\"elementor-spacer\">\n\t\t\t<div class=\"elementor-spacer-inner\"><\/div>\n\t\t<\/div>\n\t\t\t\t\t\t<\/div>\n\t\t\t\t<\/div>\n\t\t\t\t\t<\/div>\n\t\t\t\t<\/div>\n\t\t<div class=\"elementor-element elementor-element-bad4212 e-flex e-con-boxed e-con e-parent\" data-id=\"bad4212\" data-element_type=\"container\">\n\t\t\t\t\t<div class=\"e-con-inner\">\n\t\t\t\t<div class=\"elementor-element elementor-element-a449087 elementor-widget elementor-widget-text-editor\" data-id=\"a449087\" data-element_type=\"widget\" data-widget_type=\"text-editor.default\">\n\t\t\t\t<div class=\"elementor-widget-container\">\n\t\t\t\t\t\t\t\t\t<p>Chi siamo \u2013 FIANAZION ADE<\/p><p><span class=\"VIpgJd-yAWNEb-VIpgJd-fmcmS-sn54Q\">In FIANAZION ADE, mettiamo le persone al centro della finanza. Fin dalla nostra fondazione, ci siamo posti l&rsquo;obiettivo di offrire soluzioni finanziarie innovative, accessibili e perfettamente adattate alle esigenze specifiche di ogni individuo. Che si tratti di finanziare un progetto di vita o di ristrutturare un prestito esistente, supportiamo i nostri clienti con professionalit\u00e0, trasparenza e impegno.<\/span><\/p><p>Un&rsquo;esperienza europea riconosciuta.<br \/>Leader europeo nel consolidamento dei prestiti online, FIANAZION ADE si \u00e8 affermata come punto di riferimento in un mercato in continua evoluzione. Grazie a tecnologie all&rsquo;avanguardia, team esperti e una conoscenza approfondita delle attuali dinamiche economiche, siamo in grado di offrire a ogni cliente la soluzione finanziaria pi\u00f9 adatta.<\/p><p>La nostra visione:<br \/>crediamo in una finanza pi\u00f9 semplice, pi\u00f9 fluida e pi\u00f9 umana. Noi di FIANAZION ADE vogliamo democratizzare l&rsquo;accesso a strumenti finanziari efficaci, che si tratti di risollevare il bilancio familiare, consolidare pi\u00f9 debiti o realizzare un progetto personale o professionale.<\/p><p>Perch\u00e9 sceglierci?<br \/>\u2714\ufe0f Un approccio personalizzato e su misura per le esigenze dei nostri clienti<\/p><p>\u2714\ufe0f Elaborazione online al 100%, veloce e sicura<\/p><p>\u2714\ufe0f Un&rsquo;etica di trasparenza in ogni fase<\/p><p>\u2714\ufe0f Una presenza europea con soluzioni adattate alle condizioni locali<\/p>\t\t\t\t\t\t\t\t<\/div>\n\t\t\t\t<\/div>\n\t\t\t\t\t<\/div>\n\t\t\t\t<\/div>\n\t\t<div class=\"elementor-element elementor-element-581111e e-flex e-con-boxed e-con e-parent\" data-id=\"581111e\" data-element_type=\"container\">\n\t\t\t\t\t<div class=\"e-con-inner\">\n\t\t\t\t<div class=\"elementor-element elementor-element-12be477 elementor-align-center elementor-widget elementor-widget-button\" data-id=\"12be477\" data-element_type=\"widget\" data-widget_type=\"button.default\">\n\t\t\t\t<div class=\"elementor-widget-container\">\n\t\t\t\t\t\t\t\t\t<div class=\"elementor-button-wrapper\">\n\t\t\t\t\t<a class=\"elementor-button elementor-button-link elementor-size-sm\" href=\"#\">\n\t\t\t\t\t\t<span class=\"elementor-button-content-wrapper\">\n\t\t\t\t\t\t\t\t\t<span class=\"elementor-button-text\">Contattaci<\/span>\n\t\t\t\t\t<\/span>\n\t\t\t\t\t<\/a>\n\t\t\t\t<\/div>\n\t\t\t\t\t\t\t\t<\/div>\n\t\t\t\t<\/div>\n\t\t\t\t\t<\/div>\n\t\t\t\t<\/div>\n\t\t\t\t<\/div>\n\t\t","protected":false},"excerpt":{"rendered":"<p>CHI SOAMO Chi siamo \u2013 FIANAZION ADE In FIANAZION ADE, mettiamo le persone al centro della finanza. Fin dalla nostra fondazione, ci siamo posti l&rsquo;obiettivo di offrire soluzioni finanziarie innovative, accessibili e perfettamente adattate alle esigenze specifiche di ogni individuo. Che si tratti di finanziare un progetto di vita o di ristrutturare un prestito esistente, [&hellip;]<\/p>\n","protected":false},"author":1,"featured_media":0,"parent":0,"menu_order":0,"comment_status":"closed","ping_status":"closed","template":"elementor_header_footer","meta":{"ocean_post_layout":"","ocean_both_sidebars_style":"","ocean_both_sidebars_content_width":0,"ocean_both_sidebars_sidebars_width":0,"ocean_sidebar":"","ocean_second_sidebar":"","ocean_disable_margins":"enable","ocean_add_body_class":"","ocean_shortcode_before_top_bar":"","ocean_shortcode_after_top_bar":"","ocean_shortcode_before_header":"","ocean_shortcode_after_header":"","ocean_has_shortcode":"","ocean_shortcode_after_title":"","ocean_shortcode_before_footer_widgets":"","ocean_shortcode_after_footer_widgets":"","ocean_shortcode_before_footer_bottom":"","ocean_shortcode_after_footer_bottom":"","ocean_display_top_bar":"default","ocean_display_header":"default","ocean_header_style":"","ocean_center_header_left_menu":"","ocean_custom_header_template":"","ocean_custom_logo":0,"ocean_custom_retina_logo":0,"ocean_custom_logo_max_width":0,"ocean_custom_logo_tablet_max_width":0,"ocean_custom_logo_mobile_max_width":0,"ocean_custom_logo_max_height":0,"ocean_custom_logo_tablet_max_height":0,"ocean_custom_logo_mobile_max_height":0,"ocean_header_custom_menu":"","ocean_menu_typo_font_family":"","ocean_menu_typo_font_subset":"","ocean_menu_typo_font_size":0,"ocean_menu_typo_font_size_tablet":0,"ocean_menu_typo_font_size_mobile":0,"ocean_menu_typo_font_size_unit":"px","ocean_menu_typo_font_weight":"","ocean_menu_typo_font_weight_tablet":"","ocean_menu_typo_font_weight_mobile":"","ocean_menu_typo_transform":"","ocean_menu_typo_transform_tablet":"","ocean_menu_typo_transform_mobile":"","ocean_menu_typo_line_height":0,"ocean_menu_typo_line_height_tablet":0,"ocean_menu_typo_line_height_mobile":0,"ocean_menu_typo_line_height_unit":"","ocean_menu_typo_spacing":0,"ocean_menu_typo_spacing_tablet":0,"ocean_menu_typo_spacing_mobile":0,"ocean_menu_typo_spacing_unit":"","ocean_menu_link_color":"","ocean_menu_link_color_hover":"","ocean_menu_link_color_active":"","ocean_menu_link_background":"","ocean_menu_link_hover_background":"","ocean_menu_link_active_background":"","ocean_menu_social_links_bg":"","ocean_menu_social_hover_links_bg":"","ocean_menu_social_links_color":"","ocean_menu_social_hover_links_color":"","ocean_disable_title":"default","ocean_disable_heading":"default","ocean_post_title":"","ocean_post_subheading":"","ocean_post_title_style":"","ocean_post_title_background_color":"","ocean_post_title_background":0,"ocean_post_title_bg_image_position":"","ocean_post_title_bg_image_attachment":"","ocean_post_title_bg_image_repeat":"","ocean_post_title_bg_image_size":"","ocean_post_title_height":0,"ocean_post_title_bg_overlay":0.5,"ocean_post_title_bg_overlay_color":"","ocean_disable_breadcrumbs":"default","ocean_breadcrumbs_color":"","ocean_breadcrumbs_separator_color":"","ocean_breadcrumbs_links_color":"","ocean_breadcrumbs_links_hover_color":"","ocean_display_footer_widgets":"default","ocean_display_footer_bottom":"default","ocean_custom_footer_template":"","footnotes":""},"class_list":["post-1875","page","type-page","status-publish","hentry","entry"],"_links":{"self":[{"href":"https:\/\/fianazionade.com\/index.php?rest_route=\/wp\/v2\/pages\/1875","targetHints":{"allow":["GET"]}}],"collection":[{"href":"https:\/\/fianazionade.com\/index.php?rest_route=\/wp\/v2\/pages"}],"about":[{"href":"https:\/\/fianazionade.com\/index.php?rest_route=\/wp\/v2\/types\/page"}],"author":[{"embeddable":true,"href":"https:\/\/fianazionade.com\/index.php?rest_route=\/wp\/v2\/users\/1"}],"replies":[{"embeddable":true,"href":"https:\/\/fianazionade.com\/index.php?rest_route=%2Fwp%2Fv2%2Fcomments&post=1875"}],"version-history":[{"count":31,"href":"https:\/\/fianazionade.com\/index.php?rest_route=\/wp\/v2\/pages\/1875\/revisions"}],"predecessor-version":[{"id":2781,"href":"https:\/\/fianazionade.com\/index.php?rest_route=\/wp\/v2\/pages\/1875\/revisions\/2781"}],"wp:attachment":[{"href":"https:\/\/fianazionade.com\/index.php?rest_route=%2Fwp%2Fv2%2Fmedia&parent=1875"}],"curies":[{"name":"wp","href":"https:\/\/api.w.org\/{rel}","templated":true}]}}